{"id":859,"date":"2024-10-02T14:14:58","date_gmt":"2024-10-02T12:14:58","guid":{"rendered":"https:\/\/www.beurkobhi.com\/steam\/"},"modified":"2025-10-03T22:36:34","modified_gmt":"2025-10-03T20:36:34","slug":"steam","status":"publish","type":"page","link":"https:\/\/www.beurkobhi.com\/es\/steam\/","title":{"rendered":"STEAM"},"content":{"rendered":"<div class=\"wp-block-image\">\n<figure class=\"alignright size-full\"><img loading=\"lazy\" decoding=\"async\" width=\"550\" height=\"491\" src=\"https:\/\/www.beurkobhi.com\/wp-content\/uploads\/2024\/10\/steam.jpg\" alt=\"\" class=\"wp-image-865\" srcset=\"https:\/\/www.beurkobhi.com\/wp-content\/uploads\/2024\/10\/steam.jpg 550w, https:\/\/www.beurkobhi.com\/wp-content\/uploads\/2024\/10\/steam-300x268.jpg 300w\" sizes=\"auto, (max-width: 550px) 100vw, 550px\" \/><\/figure>\n<\/div>\n\n\n<div class=\"wp-block-group\"><div class=\"wp-block-group__inner-container is-layout-constrained wp-block-group-is-layout-constrained\">\n<p><br>El proyecto <strong>STEAM<\/strong> es un proyecto presentado por la estrategia educativa Euskadi en 2018. Se trata de un nuevo proyecto que nuestro centro pone en marcha en el curso 2024-2025.<\/p>\n<\/div><\/div>\n\n\n\n<div class=\"wp-block-group\"><div class=\"wp-block-group__inner-container is-layout-constrained wp-block-group-is-layout-constrained\">\n<p class=\"justificado\">El proyecto <strong>STEAM<\/strong> a\u00fana ciencia, tecnolog\u00eda, ingenier\u00eda, matem\u00e1ticas y arte, y empodera al alumnado para afrontar con responsabilidad a afrontar retos, desarrollando tanto las competencias b\u00e1sicas, transversales como disciplinares. A lo largo del curso se realizar\u00e1n diversas actividades entre los diferentes niveles y materias. La principal l\u00ednea de propuestas del proyecto es la organizaci\u00f3n de una Semana de la Ciencia. Trabajando en las diferentes asignaturas los diferentes proyectos y pr\u00e1cticas se sacar\u00e1n del aula y se expondr\u00e1n. De esta manera, los conocimientos cient\u00edficos te\u00f3ricos adquiridos en el aula ser\u00e1n llevados a la pr\u00e1ctica y el alumnado ser\u00e1 protagonista tanto de su proceso de aprendizaje como de su trabajo.<\/p>\n<\/div><\/div>\n\n\n\n<div class=\"wp-block-group\"><div class=\"wp-block-group__inner-container is-layout-constrained wp-block-group-is-layout-constrained\">\n<p>A trav\u00e9s de este proyecto se impulsa la participaci\u00f3n de todos los agentes que forman parte de la educaci\u00f3n, como el alumnado, el profesorado y las familias (a trav\u00e9s de la AMPA).<\/p>\n<\/div><\/div>\n\n\n\n<p>Se participar\u00e1 en diferentes actividades y proyectos que se llevan a cabo en la zona con el objetivo de reforzar las competencias del alumnado, como la Feria de la Ciencia Elhuyar y la Semana de la Ciencia organizada por la UPV.<\/p>\n\n\n\n<p>Empresa colaboradora:\u00a0<a href=\"https:\/\/www.pce-instruments.com\/espanol\/pce-iberica-s.l.-instrumentaci_n-anbieter_4.htm\" target=\"_blank\" rel=\"noreferrer noopener\">PCE Instruments<\/a>\u00a0(contribuyen en el proyecto STEAM mediante la donaci\u00f3n de material, en este caso un osciloscopio).<\/p>\n","protected":false},"excerpt":{"rendered":"<p>El proyecto STEAM es un proyecto presentado por la estrategia educativa Euskadi en 2018. Se trata de un nuevo proyecto que nuestro centro pone en marcha en el curso 2024-2025. El proyecto STEAM a\u00fana ciencia, tecnolog\u00eda, ingenier\u00eda, matem\u00e1ticas y arte, y empodera al alumnado para afrontar con responsabilidad a afrontar retos, desarrollando tanto las competencias [&hellip;]<\/p>\n","protected":false},"author":1,"featured_media":0,"parent":0,"menu_order":0,"comment_status":"closed","ping_status":"closed","template":"","meta":{"_acf_changed":false,"footnotes":""},"class_list":["post-859","page","type-page","status-publish","hentry"],"acf":[],"_links":{"self":[{"href":"https:\/\/www.beurkobhi.com\/es\/wp-json\/wp\/v2\/pages\/859","targetHints":{"allow":["GET"]}}],"collection":[{"href":"https:\/\/www.beurkobhi.com\/es\/wp-json\/wp\/v2\/pages"}],"about":[{"href":"https:\/\/www.beurkobhi.com\/es\/wp-json\/wp\/v2\/types\/page"}],"author":[{"embeddable":true,"href":"https:\/\/www.beurkobhi.com\/es\/wp-json\/wp\/v2\/users\/1"}],"replies":[{"embeddable":true,"href":"https:\/\/www.beurkobhi.com\/es\/wp-json\/wp\/v2\/comments?post=859"}],"version-history":[{"count":9,"href":"https:\/\/www.beurkobhi.com\/es\/wp-json\/wp\/v2\/pages\/859\/revisions"}],"predecessor-version":[{"id":1793,"href":"https:\/\/www.beurkobhi.com\/es\/wp-json\/wp\/v2\/pages\/859\/revisions\/1793"}],"wp:attachment":[{"href":"https:\/\/www.beurkobhi.com\/es\/wp-json\/wp\/v2\/media?parent=859"}],"curies":[{"name":"wp","href":"https:\/\/api.w.org\/{rel}","templated":true}]}}