{"id":583,"date":"2024-07-24T18:07:33","date_gmt":"2024-07-24T16:07:33","guid":{"rendered":"https:\/\/www.beurkobhi.com\/liburu-solidarioa\/"},"modified":"2025-06-30T12:54:53","modified_gmt":"2025-06-30T10:54:53","slug":"liburu-solidarioa","status":"publish","type":"page","link":"https:\/\/www.beurkobhi.com\/es\/liburu-solidarioa\/","title":{"rendered":"Libro solidario"},"content":{"rendered":"\n<p><a href=\"https:\/\/www.euskadi.eus\/contenidos\/informacion\/cee_apoyo_materiales_didactic\/es_def\/adjuntos\/Ebazpena_gaz.-2025-2026_sinatuta.pdf\" target=\"_blank\" rel=\"noreferrer noopener\"><strong>Resoluci\u00f3n de 9 de junio de 2025<\/strong><\/a>, sobre el Programa de apoyo de materiales did\u00e1cticos y recursos de desarrollo curricular a utilizar por el alumnado que curse estudios en Educaci\u00f3n Primaria as\u00ed como 1\u00ba, 2\u00ba, 3\u00ba y 4\u00ba curso de Educaci\u00f3n Secundaria Obligatoria en centros p\u00fablicos de la Comunidad Aut\u00f3noma de Euskadi.<\/p>\n\n\n<div class=\"lightweight-accordion\"><details><summary class=\"lightweight-accordion-title\"><span><strong>NORMAS OBLIGATORIAS DEL PROGRAMA<\/strong><\/span><\/summary><div class=\"lightweight-accordion-body\">\n\n<ul class=\"wp-block-list\">\n<li>El d\u00eda de la presentaci\u00f3n, los alumnos participantes en el programa del libro solidario le <strong>entregar\u00e1n al tutor el justificante de pago<\/strong>.<\/li>\n\n\n\n<li>En los d\u00edas siguientes los tutores repartir\u00e1n los libros a quienes hayan entregado el justificante de pago.<\/li>\n\n\n\n<li>Los alumnos deber\u00e1n traer de casa los <strong>libros con forros no adhesivos<\/strong>. Los tutores controlar\u00e1n que los alumnos traigan los libros forrados en un <strong>plazo m\u00e1ximo de quince d\u00edas<\/strong> desde su entrega. <strong>De lo contrario, la familia pagar\u00e1 su valor de reposici\u00f3n, qued\u00e1ndose con el libro en propiedad<\/strong>. Si no lo hiciera, <strong>el curso siguiente quedar\u00e1 excluido del programa<\/strong>.&nbsp;<\/li>\n\n\n\n<li>Recordad que los libros son del centro y que <strong>se deber\u00e1n devolver en buen estado<\/strong> para reutilizarlos en el pr\u00f3ximo curso.<\/li>\n\n\n\n<li>En los libros <strong>no se puede escribir<\/strong>, dibujar y tampoco se pueden doblar o romper.<\/li>\n\n\n\n<li>Cada libro se identificar\u00e1 mediante un lote y un n\u00famero para su gesti\u00f3n. El n\u00famero de lote se indicar\u00e1 mediante una etiqueta adhesiva pegada directamente en la portada del libro. La pegatina no se deber\u00e1 arrancar e ir\u00e1 debajo del forro.<\/li>\n\n\n\n<li>Al final de curso se recoger\u00e1n y guardar\u00e1n en el instituto todos los libros.<\/li>\n\n\n\n<li><strong>Si alg\u00fan libro se pierde o se encuentra en mal estado<\/strong> la familia pagar\u00e1 su valor de reposici\u00f3n, de lo contrario el curso siguiente&nbsp; quedar\u00e1 excluida de este programa.<\/li>\n\n\n\n<li>En caso de mal uso por parte de un\/a&nbsp; alumn@ del libro de otr@ compa\u00f1e@, se aplicar\u00e1 el Reglamento de Organizaci\u00f3n y Funcionamiento del centro.<\/li>\n<\/ul>\n\n<\/div><\/details><\/div>\n\n<div class=\"lightweight-accordion\"><details><summary class=\"lightweight-accordion-title\"><span><strong>RENUNCIAS E INCOMPATIBILIDADES<\/strong><\/span><\/summary><div class=\"lightweight-accordion-body\">\n\n<ul class=\"wp-block-list\">\n<li>La adhesi\u00f3n al programa no obliga a su participaci\u00f3n durante m\u00e1s de un curso. Cada a\u00f1o se optar\u00e1 por participar en el programa o renunciar a \u00e9l, por lo que el anexo de renuncia hay que rellenarlo todos los a\u00f1os.<\/li>\n\n\n\n<li>El alumnado que hubiera renunciado expresamente a la participaci\u00f3n en el programa no podr\u00e1 resultar beneficiario de las becas no universitarias que convoque el Departamento de Educaci\u00f3n del Gobierno Vasco en el componente de material escolar. S\u00ed podr\u00e1n optar al resto de componentes de las becas.<\/li>\n\n\n\n<li>La participaci\u00f3n en el Programa es compatible con la percepci\u00f3n de ayudas para la adquisici\u00f3n de los materiales y recursos objeto de la presente resoluci\u00f3n que sean otorgadas por cualquier entidad p\u00fablica o privada distinta del Departamento de Educaci\u00f3n siempre que el total de las ayudas no supere la cantidad 103 \u20ac por cada alumno\/a de 1\u00ba y 2\u00ba cursos de Educaci\u00f3n Secundaria Obligatoria.<\/li>\n\n\n\n<li>La RENUNCIA a participar en el programa del libro solidario se debe realizar antes del 15 de julio, entregando para ello el Anexo I en el centro.<\/li>\n<\/ul>\n\n<\/div><\/details><\/div>\n\n<div class=\"lightweight-accordion\"><details><summary class=\"lightweight-accordion-title\"><span><strong>FINANCIACI\u00d3N PARA EL CURSO 2025\/2026<\/strong><\/span><\/summary><div class=\"lightweight-accordion-body\">\n\n<p><strong>&nbsp;Aportaci\u00f3n del alumno\/a:<\/strong><\/p>\n\n\n\n<figure class=\"wp-block-table\"><table class=\"has-fixed-layout\"><tbody><tr><td><strong>DBH1<\/strong><\/td><td><strong>41 \u20ac<\/strong><\/td><\/tr><tr><td><strong>DBH2 \/<\/strong> <strong>DBH3<\/strong> \/ <strong>DBH4<\/strong><\/td><td><strong>45 \u20ac<\/strong><\/td><\/tr><\/tbody><\/table><\/figure>\n\n\n\n<p>El ingreso se debe hacer en la siguiente cuenta de <strong>Kutxabank<\/strong>:<\/p>\n\n\n\n<p class=\"has-large-font-size\"><strong>ES18 2095 0611 0432 0057 0371<\/strong><\/p>\n\n\n\n<p>En el concepto se debe poner: <strong>Nombre-apellidos y curso<\/strong> del alumno\/a.<\/p>\n\n\n\n<p><strong>El pago se debe realizar antes del comienzo de las clases (julio-agosto). El alumnado deber\u00e1 entregar a los tutores\/as el justificante de pago el d\u00eda de la presentaci\u00f3n.<\/strong><\/p>\n\n<\/div><\/details><\/div>\n\n\n<div class=\"wp-block-group mt-5\"><div class=\"wp-block-group__inner-container is-layout-constrained wp-block-group-is-layout-constrained\">\n<div class=\"wp-block-columns is-layout-flex wp-container-core-columns-is-layout-9d6595d7 wp-block-columns-is-layout-flex\">\n<div class=\"wp-block-column is-vertically-aligned-top is-layout-flow wp-block-column-is-layout-flow\">\n<div class=\"wp-block-group\"><div class=\"wp-block-group__inner-container is-layout-constrained wp-block-group-is-layout-constrained\">\n<div class=\"wp-block-group\"><div class=\"wp-block-group__inner-container is-layout-constrained wp-block-group-is-layout-constrained\">\n<div class=\"wp-block-buttons has-custom-font-size d-block has-medium-font-size is-horizontal is-content-justification-center is-layout-flex wp-container-core-buttons-is-layout-937ffba9 wp-block-buttons-is-layout-flex\">\n<div class=\"wp-block-button is-style-fill\"><a class=\"wp-block-button__link wp-element-button\" href=\"https:\/\/docs.google.com\/document\/d\/1NMCOwrjTdt7VXnZAYYvNUnDA-Wn1xnxzQq6WufFO-JQ\/edit?usp=drive_link\" target=\"_blank\" rel=\"noreferrer noopener\"><i class=\"fa-solid fa-download\"><\/i> Normas<\/a><\/div>\n\n\n\n<div class=\"wp-block-button is-style-fill ms-3\"><a class=\"wp-block-button__link wp-element-button\" href=\"https:\/\/www.euskadi.eus\/contenidos\/informacion\/cee_apoyo_materiales_didactic\/es_def\/adjuntos\/I-ERANSKINA-2025-zuzendua.pdf\" target=\"_blank\" rel=\"noreferrer noopener\"><i class=\"fa-solid fa-download\"><\/i> Darse de baja<\/a><\/div>\n\n\n\n<div class=\"wp-block-button is-style-fill ps-3\"><a class=\"wp-block-button__link wp-element-button\" href=\"https:\/\/drive.google.com\/drive\/folders\/1GqNCZvtg1FyyFY_4U2t9V23AMsMm8DVh?usp=drive_link\" target=\"_blank\" rel=\"noreferrer noopener\"><i class=\"fa-solid fa-download\"><\/i> Pagos<\/a><\/div>\n<\/div>\n<\/div><\/div>\n<\/div><\/div>\n<\/div>\n<\/div>\n<\/div><\/div>\n","protected":false},"excerpt":{"rendered":"<p>Resoluci\u00f3n de 9 de junio de 2025, sobre el Programa de apoyo de materiales did\u00e1cticos y recursos de desarrollo curricular a utilizar por el alumnado que curse estudios en Educaci\u00f3n Primaria as\u00ed como 1\u00ba, 2\u00ba, 3\u00ba y 4\u00ba curso de Educaci\u00f3n Secundaria Obligatoria en centros p\u00fablicos de la Comunidad Aut\u00f3noma de Euskadi.<\/p>\n","protected":false},"author":1,"featured_media":0,"parent":0,"menu_order":0,"comment_status":"closed","ping_status":"closed","template":"","meta":{"_acf_changed":false,"footnotes":""},"class_list":["post-583","page","type-page","status-publish","hentry"],"acf":[],"_links":{"self":[{"href":"https:\/\/www.beurkobhi.com\/es\/wp-json\/wp\/v2\/pages\/583","targetHints":{"allow":["GET"]}}],"collection":[{"href":"https:\/\/www.beurkobhi.com\/es\/wp-json\/wp\/v2\/pages"}],"about":[{"href":"https:\/\/www.beurkobhi.com\/es\/wp-json\/wp\/v2\/types\/page"}],"author":[{"embeddable":true,"href":"https:\/\/www.beurkobhi.com\/es\/wp-json\/wp\/v2\/users\/1"}],"replies":[{"embeddable":true,"href":"https:\/\/www.beurkobhi.com\/es\/wp-json\/wp\/v2\/comments?post=583"}],"version-history":[{"count":6,"href":"https:\/\/www.beurkobhi.com\/es\/wp-json\/wp\/v2\/pages\/583\/revisions"}],"predecessor-version":[{"id":1676,"href":"https:\/\/www.beurkobhi.com\/es\/wp-json\/wp\/v2\/pages\/583\/revisions\/1676"}],"wp:attachment":[{"href":"https:\/\/www.beurkobhi.com\/es\/wp-json\/wp\/v2\/media?parent=583"}],"curies":[{"name":"wp","href":"https:\/\/api.w.org\/{rel}","templated":true}]}}