{"id":323,"date":"2024-05-27T11:31:41","date_gmt":"2024-05-27T09:31:41","guid":{"rendered":"https:\/\/www.beurkobhi.com\/?page_id=323"},"modified":"2024-05-27T11:44:15","modified_gmt":"2024-05-27T09:44:15","slug":"bachillerato-de-artes","status":"publish","type":"page","link":"https:\/\/www.beurkobhi.com\/es\/bachillerato-de-artes\/","title":{"rendered":"Bachillerato de Artes"},"content":{"rendered":"<div class=\"wp-block-image mb-3\">\n<figure class=\"aligncenter size-full\"><img loading=\"lazy\" decoding=\"async\" width=\"1050\" height=\"298\" src=\"https:\/\/www.beurkobhi.com\/wp-content\/uploads\/2024\/05\/bachillerato_artistico_beurko-1.jpg\" alt=\"\" class=\"wp-image-330\" srcset=\"https:\/\/www.beurkobhi.com\/wp-content\/uploads\/2024\/05\/bachillerato_artistico_beurko-1.jpg 1050w, https:\/\/www.beurkobhi.com\/wp-content\/uploads\/2024\/05\/bachillerato_artistico_beurko-1-300x85.jpg 300w, https:\/\/www.beurkobhi.com\/wp-content\/uploads\/2024\/05\/bachillerato_artistico_beurko-1-1024x291.jpg 1024w, https:\/\/www.beurkobhi.com\/wp-content\/uploads\/2024\/05\/bachillerato_artistico_beurko-1-768x218.jpg 768w\" sizes=\"auto, (max-width: 1050px) 100vw, 1050px\" \/><\/figure>\n<\/div>\n\n\n<p><strong>Tres estudiantes del M\u00e1ster en Magisterio han realizado sus pr\u00e1cticas en Beurko. Han completado su carrera acad\u00e9mica en el bachillerato art\u00edstico, habiendo firmado convenios con dos universidades.<\/strong><br><br>Las exalumnas Martina Garc\u00eda Pozo, Sandra Guti\u00e9rrez y Ainara P\u00e9rez Silva han realizado las pr\u00e1cticas requeridas por el \u201cM\u00e1ster en Magisterio de Educaci\u00f3n Secundaria\u201d en el instituto Beurko, en el curso 2017-2018 que acabamos de finalizar. Los tres fueron a la Facultad de Bellas Artes despu\u00e9s de finalizar el bachillerato art\u00edstico y han regresado all\u00ed gracias al cuidado que tenemos con nuestros alumnos, porque garantizamos a nuestros antiguos alumnos un lugar adecuado para completar su formaci\u00f3n.<\/p>\n\n\n\n<p>El Instituto Beurko ha firmado este a\u00f1o convenios con la Universidad del Pa\u00eds Vasco y la Universitat Internacional Valenciana de Valencia. De esta forma, el \u201ccentro de pr\u00e1cticas externas\u201d se ha convertido en un centro orientado al desarrollo acad\u00e9mico y profesional de los estudiantes. De esta manera, nuestro tr\u00edo ha combinado conocimientos te\u00f3ricos y habilidades pr\u00e1cticas, ha tenido la oportunidad de conocer la perspectiva real de los problemas que surgen en la vida de los docentes y de utilizar los recursos para darles respuesta, que lucen bien en papel.<\/p>\n\n\n\n<p>Han tenido la oportunidad de trabajar en el \u00e1mbito de la docencia en su totalidad, con la experiencia que los tres profesores acumulan a su disposici\u00f3n. Todo esto ha sido interesante para todos, intercambiando conocimientos con antiguos alumnos, quiz\u00e1s alg\u00fan d\u00eda con los que ser\u00e1n compa\u00f1eros.<\/p>\n\n\n\n<p><strong>Caracter\u00edsticas:<\/strong><\/p>\n\n\n\n<ul class=\"wp-block-list\">\n<li>Metodolog\u00eda aplicada<\/li>\n\n\n\n<li>Facilitar y dirigir el desarrollo de habilidades metodol\u00f3gicas, t\u00e9cnicas, personales y participativas.<\/li>\n\n\n\n<li>Experiencia, formaci\u00f3n, facilidad de integraci\u00f3n en el mercado laboral,<\/li>\n\n\n\n<li>Fomentar la innovaci\u00f3n, la creatividad y el emprendimiento, la autonom\u00eda personal.<\/li>\n\n\n\n<li>Pr\u00e1cticas curriculares<\/li>\n\n\n\n<li>Entre las habilidades b\u00e1sicas<\/li>\n\n\n\n<li>Capacidad de respuesta, formaci\u00f3n para organizar las tareas de aprendizaje, responsabilidad, capacidad de adaptaci\u00f3n, flexibilidad, recibir y extender cr\u00edticas, posibilidad de trabajar en grupo de trabajo.<\/li>\n<\/ul>\n\n\n\n<p><strong>Los estudiantes de secundaria de arte<\/strong> hemos creado un blog para explicar nuestro trabajo. Esperamos que os guste.<\/p>\n\n\n\n<div class=\"wp-block-buttons mt-5 is-content-justification-center is-layout-flex wp-container-core-buttons-is-layout-16018d1d wp-block-buttons-is-layout-flex\">\n<div class=\"wp-block-button\"><a class=\"wp-block-button__link wp-element-button\" href=\"https:\/\/artebatxilerra.wordpress.com\/\" target=\"_blank\" rel=\"noreferrer noopener\">Blog de los estudiantes de arte<\/a><\/div>\n\n\n\n<div class=\"wp-block-button\"><a class=\"wp-block-button__link wp-element-button\" href=\"https:\/\/www.beurkobhi.com\/wp-content\/uploads\/2024\/05\/Batxiler-artistiko-irakasgaien-deskribapena-1.pdf\" target=\"_blank\" rel=\"noreferrer noopener\">Descripci\u00f3n de temas<\/a><\/div>\n\n\n\n<div class=\"wp-block-button\"><a class=\"wp-block-button__link wp-element-button\" href=\"https:\/\/www.beurkobhi.com\/wp-content\/uploads\/2024\/05\/Panfleto-Arte-1.pdf\" target=\"_blank\" rel=\"noreferrer noopener\">Dossier<\/a><\/div>\n<\/div>\n","protected":false},"excerpt":{"rendered":"<p>Tres estudiantes del M\u00e1ster en Magisterio han realizado sus pr\u00e1cticas en Beurko. Han completado su carrera acad\u00e9mica en el bachillerato art\u00edstico, habiendo firmado convenios con dos universidades. Las exalumnas Martina Garc\u00eda Pozo, Sandra Guti\u00e9rrez y Ainara P\u00e9rez Silva han realizado las pr\u00e1cticas requeridas por el \u201cM\u00e1ster en Magisterio de Educaci\u00f3n Secundaria\u201d en el instituto Beurko, [&hellip;]<\/p>\n","protected":false},"author":1,"featured_media":0,"parent":0,"menu_order":0,"comment_status":"closed","ping_status":"closed","template":"","meta":{"_acf_changed":false,"footnotes":""},"class_list":["post-323","page","type-page","status-publish","hentry"],"acf":[],"_links":{"self":[{"href":"https:\/\/www.beurkobhi.com\/es\/wp-json\/wp\/v2\/pages\/323","targetHints":{"allow":["GET"]}}],"collection":[{"href":"https:\/\/www.beurkobhi.com\/es\/wp-json\/wp\/v2\/pages"}],"about":[{"href":"https:\/\/www.beurkobhi.com\/es\/wp-json\/wp\/v2\/types\/page"}],"author":[{"embeddable":true,"href":"https:\/\/www.beurkobhi.com\/es\/wp-json\/wp\/v2\/users\/1"}],"replies":[{"embeddable":true,"href":"https:\/\/www.beurkobhi.com\/es\/wp-json\/wp\/v2\/comments?post=323"}],"version-history":[{"count":9,"href":"https:\/\/www.beurkobhi.com\/es\/wp-json\/wp\/v2\/pages\/323\/revisions"}],"predecessor-version":[{"id":339,"href":"https:\/\/www.beurkobhi.com\/es\/wp-json\/wp\/v2\/pages\/323\/revisions\/339"}],"wp:attachment":[{"href":"https:\/\/www.beurkobhi.com\/es\/wp-json\/wp\/v2\/media?parent=323"}],"curies":[{"name":"wp","href":"https:\/\/api.w.org\/{rel}","templated":true}]}}