{"id":307,"date":"2024-05-22T13:33:34","date_gmt":"2024-05-22T11:33:34","guid":{"rendered":"https:\/\/www.beurkobhi.com\/?page_id=307"},"modified":"2024-05-22T13:33:34","modified_gmt":"2024-05-22T11:33:34","slug":"ampa","status":"publish","type":"page","link":"https:\/\/www.beurkobhi.com\/es\/ampa\/","title":{"rendered":"AMPA"},"content":{"rendered":"\n<p id=\"tw-target-text\">A continuaci\u00f3n se muestra el enlace para acceder al canal de Whatsapp de IGE. De esta forma, las familias interesadas podr\u00e1n comunicarse m\u00e1s f\u00e1cilmente. <\/p>\n\n\n\n<p class=\"has-text-align-center\" id=\"tw-target-text\"><br><strong>Haga clic en la siguiente imagen<\/strong><\/p>\n\n\n<div class=\"wp-block-image\">\n<figure class=\"aligncenter size-full\"><a href=\"https:\/\/whatsapp.com\/channel\/0029VaUwDtD2ER6d9mGLBP0Q\" target=\"_blank\" rel=\"noreferrer noopener\"><img loading=\"lazy\" decoding=\"async\" width=\"128\" height=\"128\" src=\"https:\/\/www.beurkobhi.com\/wp-content\/uploads\/2024\/05\/whatsapp.png\" alt=\"\" class=\"wp-image-308\"\/><\/a><\/figure>\n<\/div>","protected":false},"excerpt":{"rendered":"<p>A continuaci\u00f3n se muestra el enlace para acceder al canal de Whatsapp de IGE. De esta forma, las familias interesadas podr\u00e1n comunicarse m\u00e1s f\u00e1cilmente. Haga clic en la siguiente imagen<\/p>\n","protected":false},"author":1,"featured_media":0,"parent":0,"menu_order":0,"comment_status":"closed","ping_status":"closed","template":"","meta":{"_acf_changed":false,"footnotes":""},"class_list":["post-307","page","type-page","status-publish","hentry"],"acf":[],"_links":{"self":[{"href":"https:\/\/www.beurkobhi.com\/es\/wp-json\/wp\/v2\/pages\/307","targetHints":{"allow":["GET"]}}],"collection":[{"href":"https:\/\/www.beurkobhi.com\/es\/wp-json\/wp\/v2\/pages"}],"about":[{"href":"https:\/\/www.beurkobhi.com\/es\/wp-json\/wp\/v2\/types\/page"}],"author":[{"embeddable":true,"href":"https:\/\/www.beurkobhi.com\/es\/wp-json\/wp\/v2\/users\/1"}],"replies":[{"embeddable":true,"href":"https:\/\/www.beurkobhi.com\/es\/wp-json\/wp\/v2\/comments?post=307"}],"version-history":[{"count":1,"href":"https:\/\/www.beurkobhi.com\/es\/wp-json\/wp\/v2\/pages\/307\/revisions"}],"predecessor-version":[{"id":310,"href":"https:\/\/www.beurkobhi.com\/es\/wp-json\/wp\/v2\/pages\/307\/revisions\/310"}],"wp:attachment":[{"href":"https:\/\/www.beurkobhi.com\/es\/wp-json\/wp\/v2\/media?parent=307"}],"curies":[{"name":"wp","href":"https:\/\/api.w.org\/{rel}","templated":true}]}}