{"id":3,"date":"2024-04-18T17:11:25","date_gmt":"2024-04-18T15:11:25","guid":{"rendered":"https:\/\/www.beurkobhi.com\/?page_id=3"},"modified":"2024-09-18T11:13:38","modified_gmt":"2024-09-18T09:13:38","slug":"politica-privacidad","status":"publish","type":"page","link":"https:\/\/www.beurkobhi.com\/es\/politica-privacidad\/","title":{"rendered":"Pol\u00edtica de privacidad"},"content":{"rendered":"\n<p><strong>AVISO LEGAL<\/strong><\/p>\n\n\n\n<ol class=\"wp-block-list\">\n<li>En cumplimiento de la dispuesto en el art. 10 de la Ley de Servicios de la sociedad de la informaci\u00f3n y comercio electr\u00f3nico (LSSICE), se hace constar la siguiente informaci\u00f3n: el sitio web con nombre de dominio www.beurkobhi.com pertenece al Beurko BHI, con CIF n\u00ba S-4833001-C, domicilio social en Barakaldo (Bizkaia), Arauti Kalea, s\/n, c\u00f3digo postal 48902 y tel\u00e9fono 944288040.<\/li>\n\n\n\n<li>El sitio web ha sido desarrollado por Beurko BHI.<\/li>\n\n\n\n<li>El sitio web www.beurkobhi.com para el cumplimiento de su misi\u00f3n distribuye contenidos textuales, gr\u00e1ficos, audiovisuales, pl\u00e1sticos, inform\u00e1ticos y t\u00e9cnicos, correspondiendo el copyright de dichos contenidos Beurko BHI, cuya utilizaci\u00f3n por parte del usuario est\u00e1 sujeta a las cl\u00e1usulas que sobre los derechos de propiedad intelectual se especifican en estas condiciones de uso. El acceso a dichos contenidos supone para el usuario la aceptaci\u00f3n de las condiciones que sobre propiedad intelectual, responsabilidad y protecci\u00f3n de datos personales se se\u00f1alan en estas condiciones de uso.<\/li>\n<\/ol>\n\n\n\n<p><strong>DERECHOS DE PROPIEDAD INTELECTUAL<\/strong><\/p>\n\n\n\n<ol class=\"wp-block-list\">\n<li>Los contenidos del sitio web www.beurkobhi.com se consideran obras intelectuales y est\u00e1n protegidos por la Ley de Propiedad Intelectual nacional y europea vigente. El titular del copyright permite la utilizaci\u00f3n de los contenidos de acuerdo a las condiciones siguientes: El usuario tiene autorizaci\u00f3n para la reproducci\u00f3n, distribuci\u00f3n, comunicaci\u00f3n p\u00fablica y transformaci\u00f3n de los contenidos que integran el portal, y espec\u00edficamente derecho a crear, a partir de los contenidos de este sitio, obras derivadas y obras compuestas e independientes.<br>La autorizaci\u00f3n tiene una vigencia permanente (durante el periodo de tiempo que duren los derechos de propiedad intelectual), un \u00e1mbito territorial mundial, es gratuita, y se otorga bajo la forma no exclusiva.<br>El usuario podr\u00e1 reutilizar los contenidos y distribuirlos, siempre que cite al autor original y la fuente de la que ha obtenido dichos contenidos.<br>El usuario podr\u00e1 crear obras derivadas y compuestas, siempre que cite al autor original y la fuente de la que ha obtenido dichos contenidos.<br>Para alterar las condiciones de esta licencia, debe solicitarse el permiso escrito del titular de los contenidos.<br>Se aplica los l\u00edmites a los derechos de autor contenidos en la ley de propiedad intelectual vigente.<br>Se tendr\u00e1n en cuenta las especificaciones legales aplicables sobre contenidos determinados, tales como obras audiovisuales, programas de ordenador y bases de datos, que se incorporen al portal formativo.<br>La autorizaci\u00f3n se entender\u00e1 por finalizada en el momento en que se incumpla alguno de los t\u00e9rminos de la presente autorizaci\u00f3n; si alguna de las cl\u00e1usulas se consideraran nula o anulable, no afectar\u00e1 al resto de condiciones que se entienden v\u00e1lidas; en el caso de alteraci\u00f3n de dichas condiciones, dicha modificaci\u00f3n no afectar\u00e1 a las autorizaciones concedidas previamente al momento de la modificaci\u00f3n, que seguir\u00e1n vigentes salvo pacto escrito entre el titular y el usuario.<\/li>\n\n\n\n<li>Como excepci\u00f3n al p\u00e1rrafo anterior, ser\u00e1n de sus respectivos titulares los nombres comerciales, marcas y logotipos de las empresas anunciantes en el portal formativo, a los que quedan reservados los derechos de propiedad industrial. El uso de estos signos distintivos se realizar\u00e1 siempre solicitando autorizaci\u00f3n escrita al titular de los derechos de propiedad industrial.<\/li>\n\n\n\n<li>Condiciones para el establecimiento de enlaces al sitio web www.beurkobhi.com . Los prestadores de servicios que deseen establecer hipertextos con el portal formativo www.beurkobhi.com , podr\u00e1n solicitarlos en la siguiente direcci\u00f3n de correo electr\u00f3nico: zuzendaritza@beurkobhi.com. De acuerdo con lo establecido en el art. 17.1. de la LSSICE el titular podr\u00e1 suprimir o inutilizar aquellos enlaces a contenido o instrumentos de b\u00fasqueda en el caso de que la actividad o informaci\u00f3n que contengan sea il\u00edcita o lesionen bienes o derechos de terceros susceptibles de indemnizaci\u00f3n.<\/li>\n<\/ol>\n\n\n\n<p><strong>RESPONSABILIDAD<\/strong><\/p>\n\n\n\n<ol class=\"wp-block-list\">\n<li>El titular del sitio web, el Beurko BHI, no se hace responsable del uso indebido o posibles infracciones que los usuarios puedan cometer de los elementos protegidos por la legislaci\u00f3n de propiedad intelectual as\u00ed como de la infracci\u00f3n de las condiciones de uso especificadas sobre esta materia.<\/li>\n\n\n\n<li>El Beurko BHI velar\u00e1 por la actualidad y exactitud de los contenidos educativos y de la informaci\u00f3n que integra el portal www.beurkobhi.com , siempre que se trate de informaci\u00f3n general, no referida a circunstancias espec\u00edficas relativas a personas o instituciones u organismos oficiales. Cuando se trate de opiniones vertidas por los autores de contenidos, el Beurko BHI declina toda responsabilidad, ya que no responde ni de su veracidad o exactitud ni de su integridad como responsable del sitio.<\/li>\n\n\n\n<li>El Beurko BHI no se hace responsable de los errores t\u00e9cnicos que en alg\u00fan momento puedan producirse con relaci\u00f3n al acceso, funcionamiento y operatividad de los servicios ofrecidos en el sitio web o en relaci\u00f3n a la interrupci\u00f3n o suspensi\u00f3n de dichos servicios por causas t\u00e9cnicas, fortuitas o de fuerza mayor no atribuibles al mismo.<\/li>\n<\/ol>\n\n\n\n<p><strong>LEY APLICABLE<\/strong><br><br>Estas condiciones de uso han sido redactadas conforme a la legislaci\u00f3n espa\u00f1ola vigente, en concreto, conforme a la Ley de Servicios de la Sociedad de la Informaci\u00f3n y Comercio Electr\u00f3nico de 11 de julio de 2002, normas civiles y mercantiles espa\u00f1olas as\u00ed como normativa de protecci\u00f3n de datos personales y protecci\u00f3n de consumidores y usuarios.<\/p>\n\n\n\n<p><strong>TRATAMIENTO DE LA INFORMACI\u00d3N<\/strong><\/p>\n\n\n\n<p>El Beurko BHI, es un centro de educaci\u00f3n secundaria p\u00fablico, dependiente del Departamento de Educaci\u00f3n del Gobierno Vasco.<br>Los datos aportados por la persona interesada ser\u00e1n tratados de acuerdo con la LO 3\/2018, de 5 de diciembre, de Protecci\u00f3n de Datos Personales y garant\u00eda de los derechos digitales.<br>Los datos aportados por las personas interesadas ser\u00e1n tratados para los fines previstos en cada caso y no ser\u00e1n cedidos a terceros sin el consentimiento expreso del titular o en los supuestos previstos en la LO 3\/2018.<br>La persona interesada podr\u00e1 ejercer los derechos de Acceso, Rectificaci\u00f3n, Supresi\u00f3n, Limitaci\u00f3n del tratamiento, Portabilidad de los datos, Oposici\u00f3n al tratamiento o a retirar su consentimiento para el tratamiento en cualquier momento.<br>El\/la interesado\/a tiene derecho a presentar una reclamaci\u00f3n ante la Agencia Espa\u00f1ola de Protecci\u00f3n de Datos, en caso de que considere que no se ha atendido correctamente el ejercicio de sus derechos. Para ello puede utilizar los recursos situados en la p\u00e1gina web de la AEPD o la AVPD.<\/p>\n\n\n\n<p><strong>M\u00c1S INFORMACI\u00d3N<\/strong><br><br>Para m\u00e1s informaci\u00f3n o sugerencias puede enviar un correo electr\u00f3nico a zuzendaritza@beurkobhi.com, o llamar al tel\u00e9fono 944288040 o dirigirse a la direcci\u00f3n Arauti Kalea, s\/n, 48902 Barakaldo, Bizkaia.<\/p>\n","protected":false},"excerpt":{"rendered":"<p>AVISO LEGAL DERECHOS DE PROPIEDAD INTELECTUAL RESPONSABILIDAD LEY APLICABLE Estas condiciones de uso han sido redactadas conforme a la legislaci\u00f3n espa\u00f1ola vigente, en concreto, conforme a la Ley de Servicios de la Sociedad de la Informaci\u00f3n y Comercio Electr\u00f3nico de 11 de julio de 2002, normas civiles y mercantiles espa\u00f1olas as\u00ed como normativa de protecci\u00f3n [&hellip;]<\/p>\n","protected":false},"author":1,"featured_media":0,"parent":0,"menu_order":0,"comment_status":"closed","ping_status":"open","template":"","meta":{"_acf_changed":false,"footnotes":""},"class_list":["post-3","page","type-page","status-publish","hentry"],"acf":[],"_links":{"self":[{"href":"https:\/\/www.beurkobhi.com\/es\/wp-json\/wp\/v2\/pages\/3","targetHints":{"allow":["GET"]}}],"collection":[{"href":"https:\/\/www.beurkobhi.com\/es\/wp-json\/wp\/v2\/pages"}],"about":[{"href":"https:\/\/www.beurkobhi.com\/es\/wp-json\/wp\/v2\/types\/page"}],"author":[{"embeddable":true,"href":"https:\/\/www.beurkobhi.com\/es\/wp-json\/wp\/v2\/users\/1"}],"replies":[{"embeddable":true,"href":"https:\/\/www.beurkobhi.com\/es\/wp-json\/wp\/v2\/comments?post=3"}],"version-history":[{"count":3,"href":"https:\/\/www.beurkobhi.com\/es\/wp-json\/wp\/v2\/pages\/3\/revisions"}],"predecessor-version":[{"id":836,"href":"https:\/\/www.beurkobhi.com\/es\/wp-json\/wp\/v2\/pages\/3\/revisions\/836"}],"wp:attachment":[{"href":"https:\/\/www.beurkobhi.com\/es\/wp-json\/wp\/v2\/media?parent=3"}],"curies":[{"name":"wp","href":"https:\/\/api.w.org\/{rel}","templated":true}]}}