{"id":195,"date":"2024-05-10T14:25:57","date_gmt":"2024-05-10T12:25:57","guid":{"rendered":"https:\/\/www.beurkobhi.com\/?page_id=195"},"modified":"2026-03-16T12:06:28","modified_gmt":"2026-03-16T11:06:28","slug":"oferta-educativa-bachillerato","status":"publish","type":"page","link":"https:\/\/www.beurkobhi.com\/es\/oferta-educativa-bachillerato\/","title":{"rendered":"Oferta educativa: Bachillerato"},"content":{"rendered":"\n<p>El bachiller es la \u00faltima etapa de la educaci\u00f3n secundaria y se imparte en 2 a\u00f1os acad\u00e9micos.<\/p>\n\n\n\n<p>En este instituto se ofrece modelo D.<\/p>\n\n\n\n<p><\/p>\n","protected":false},"excerpt":{"rendered":"<p>El bachiller es la \u00faltima etapa de la educaci\u00f3n secundaria y se imparte en 2 a\u00f1os acad\u00e9micos. En este instituto se ofrece modelo D.<\/p>\n","protected":false},"author":1,"featured_media":0,"parent":0,"menu_order":0,"comment_status":"closed","ping_status":"closed","template":"oferta-formativa-bachillerato.php","meta":{"_acf_changed":false,"footnotes":""},"class_list":["post-195","page","type-page","status-publish","hentry"],"acf":[],"_links":{"self":[{"href":"https:\/\/www.beurkobhi.com\/es\/wp-json\/wp\/v2\/pages\/195","targetHints":{"allow":["GET"]}}],"collection":[{"href":"https:\/\/www.beurkobhi.com\/es\/wp-json\/wp\/v2\/pages"}],"about":[{"href":"https:\/\/www.beurkobhi.com\/es\/wp-json\/wp\/v2\/types\/page"}],"author":[{"embeddable":true,"href":"https:\/\/www.beurkobhi.com\/es\/wp-json\/wp\/v2\/users\/1"}],"replies":[{"embeddable":true,"href":"https:\/\/www.beurkobhi.com\/es\/wp-json\/wp\/v2\/comments?post=195"}],"version-history":[{"count":100,"href":"https:\/\/www.beurkobhi.com\/es\/wp-json\/wp\/v2\/pages\/195\/revisions"}],"predecessor-version":[{"id":2051,"href":"https:\/\/www.beurkobhi.com\/es\/wp-json\/wp\/v2\/pages\/195\/revisions\/2051"}],"wp:attachment":[{"href":"https:\/\/www.beurkobhi.com\/es\/wp-json\/wp\/v2\/media?parent=195"}],"curies":[{"name":"wp","href":"https:\/\/api.w.org\/{rel}","templated":true}]}}