{"id":181,"date":"2024-05-10T13:15:45","date_gmt":"2024-05-10T11:15:45","guid":{"rendered":"https:\/\/www.beurkobhi.com\/?page_id=181"},"modified":"2024-10-11T10:20:51","modified_gmt":"2024-10-11T08:20:51","slug":"comedor","status":"publish","type":"page","link":"https:\/\/www.beurkobhi.com\/es\/comedor\/","title":{"rendered":"Comedor"},"content":{"rendered":"\n<div class=\"wp-block-columns is-layout-flex wp-container-core-columns-is-layout-9d6595d7 wp-block-columns-is-layout-flex\">\n<div class=\"wp-block-column is-layout-flow wp-block-column-is-layout-flow\" style=\"flex-basis:50%\">\n<p class=\"caja\"><strong>RESPONSABLE<\/strong>: ARMANDO GISASOLA <br><strong>CONTACTO<\/strong>: <a href=\"mailto:jantoki@beurkobhi.com\">jantoki@beurkobhi.com<\/a> &#8211; <a href=\"tel:\/\/+34944288041\">944 288 041 <\/a><\/p>\n<\/div>\n\n\n\n<div class=\"wp-block-column is-layout-flow wp-block-column-is-layout-flow\" style=\"flex-basis:50%\">\n<p class=\"has-text-align-center caja_menus text-decoration-none\"> <a href=\"https:\/\/drive.google.com\/drive\/folders\/15fg9UE9tVS-g4hspQqr2WxEuYTBXZt_b?usp=drive_link\" target=\"_blank\" rel=\"noreferrer noopener\"><i class=\"fas fa-download\"><\/i> Descargar Men\u00fas<\/a><\/p>\n<\/div>\n<\/div>\n\n\n\n<div class=\"wp-block-group\"><div class=\"wp-block-group__inner-container is-layout-constrained wp-block-group-is-layout-constrained\">\n<div class=\"wp-block-group\"><div class=\"wp-block-group__inner-container is-layout-constrained wp-block-group-is-layout-constrained\">\n<div class=\"wp-block-group\"><div class=\"wp-block-group__inner-container is-layout-constrained wp-block-group-is-layout-constrained\"><div class=\"lightweight-accordion bordered has-text-color has-background\"><details><summary class=\"lightweight-accordion-title\" style=\"color:#ffffff;background:#41206d;\"><span><strong>NORMAS<\/strong><\/span><\/summary><div class=\"lightweight-accordion-body\" style=\"border-color:#41206d;\">\n\n<ol class=\"wp-block-list\">\n<li>Hay que tener una actitud responsable con la comida. Es inadecuado jugar con ella, despreciarla o tirarla.<\/li>\n\n\n\n<li>Se entrar\u00e1 de forma ordenada, cada turno en el horario que le corresponda, debiendo permanecer en el comedor al menos 20 minutos. Cada turno tendr\u00e1, como m\u00e1ximo, 30 minutos para comer<\/li>\n\n\n\n<li>Hay que comer con limpieza, ser pacientes, utilizar los cubiertos correctamente, colaborar con los monitores\/as y permanecer sentados\/as hasta terminar.<\/li>\n\n\n\n<li>Hay que esforzarse en comer al menos media raci\u00f3n de cada plato.<\/li>\n\n\n\n<li>No se puede sacar comida del comedor<\/li>\n\n\n\n<li>Cada comensal mantendr\u00e1 limpio su espacio y, antes de abandonar el comedor, dejar\u00e1 todas sus cosas en el sitio que corresponda. Los \/las monitores\/as nombrar\u00e1n un\/una encargado\/a por mesa, cada d\u00eda, qui\u00e9n ayudar\u00e1 con la \u00faltima limpieza y con la preparaci\u00f3n de la mesa para el siguiente turno.<\/li>\n\n\n\n<li>Est\u00e1 totalmente prohibido deambular por los pasillos superiores o las aulas.<\/li>\n<\/ol>\n\n<\/div><\/details><\/div>\n\n<div class=\"lightweight-accordion bordered has-text-color has-background\"><details><summary class=\"lightweight-accordion-title\" style=\"color:#ffffff;background:#41206d;\"><span><strong>TIPOS DE COMENSALES<\/strong><\/span><\/summary><div class=\"lightweight-accordion-body\" style=\"border-color:#41206d;\">\n\n<p><strong>Comensal habitual<\/strong><\/p>\n\n\n\n<ul class=\"wp-block-list\">\n<li>El Alumno\/a que solicite el servicio de comedor para todo el curso escolar, con una periodicidad m\u00ednima de 1 d\u00eda\/semana.<\/li>\n\n\n\n<li>El alumnado que participa en el proyecto HEDATZE en la jornada de la tarde, con una continuidad trimestral y con una periodicidad m\u00ednima de 1 d\u00eda\/semana.<\/li>\n<\/ul>\n\n\n\n<p><strong>Comensal habitual discontinuo<br><\/strong>Tendr\u00e1 la consideraci\u00f3n de comensal habitual discontinuo el alumno\/a en situaci\u00f3n de custodia compartida, o en la que la situaci\u00f3n laboral de sus progenitores o tutores pueda prever una asistencia regular durante todo el curso escolar, alternando semanas o meses.<br>*Es necesaria la documentaci\u00f3n de guardia y custodia.<\/p>\n\n\n\n<p><strong>Comensal eventual<\/strong><br>Alumno\/a que no cumple con los apartados anteriores y los criterios de admisi\u00f3n se adoptar\u00e1n en el O.M.R.<\/p>\n\n<\/div><\/details><\/div>\n\n<div class=\"lightweight-accordion bordered has-text-color has-background\"><details><summary class=\"lightweight-accordion-title\" style=\"color:#ffffff;background:#41206d;\"><span><strong>TIPOS DE MEN\u00daS Y DIETAS<\/strong><\/span><\/summary><div class=\"lightweight-accordion-body\" style=\"border-color:#41206d;\">\n\n<ul class=\"wp-block-list\">\n<li>Men\u00fa basal<\/li>\n\n\n\n<li>Men\u00fa no cerdo<\/li>\n\n\n\n<li>Men\u00fa ovolactovegetariano<\/li>\n\n\n\n<li>Men\u00fa ovolactovegetariano con pescado.<\/li>\n\n\n\n<li>Dietas para necesidades nutricionales especiales: intolerancias, alergias y dietas para patolog\u00edas con tratamiento diet\u00e9tico espec\u00edfico<\/li>\n<\/ul>\n\n\n\n<p>La composici\u00f3n de los men\u00fas ser\u00e1 la misma en cada tipo de men\u00fa y para todos\/as los\/las  comensales, salvo en el caso de las dietas especiales que se adaptar\u00e1n al tipo de intolerancia, alergia o enfermedad que presente el comensal.<\/p>\n\n\n\n<p><em>*Es imprescindible la siguiente documentaci\u00f3n en los men\u00fas para necesidades nutricionales especiales:<\/em><\/p>\n\n\n\n<ul class=\"wp-block-list\">\n<li>Informe M\u00e9dico Oficial del especialista, en el que se prescriba la dieta especial. Protocolo de actuaci\u00f3n en caso de ingesta accidental<\/li>\n\n\n\n<li>Esta documentaci\u00f3n deber\u00e1 estar disponible en el centro desde el primer d\u00eda de asistencia al comedor, salvo que la intolerancia, alergia o enfermedad se manifieste con posterioridad.<\/li>\n<\/ul>\n\n<\/div><\/details><\/div>\n\n<div class=\"lightweight-accordion bordered has-text-color has-background\"><details><summary class=\"lightweight-accordion-title\" style=\"color:#ffffff;background:#41206d;\"><span><strong>CUOTAS Y DEVOLUCI\u00d3N DE LAS CUOTAS<\/strong><\/span><\/summary><div class=\"lightweight-accordion-body\" style=\"border-color:#41206d;\">\n\n<figure class=\"wp-block-table\"><table><tbody><tr><td>TIPOS DE COMENSALES <\/td><td>PRECIO<\/td><\/tr><tr><td>Alumnado comensal habitual <\/td><td>4,60\u20ac<\/td><\/tr><tr><td>Alumnado comensal eventual<\/td><td>5,20\u20ac<\/td><\/tr><\/tbody><\/table><\/figure>\n\n\n\n<p>*El impago reiterado de las cuotas podr\u00e1 dar lugar a la p\u00e9rdida de la plaza de comedor. Esta decisi\u00f3n ser\u00e1 adoptada por el OMR del centro.<\/p>\n\n\n\n<h3 class=\"wp-block-heading\">Comensal habitual:<\/h3>\n\n\n\n<p>Se proceder\u00e1 a la devoluci\u00f3n de una parte de la cuota del comedor a los usuarios\/as del comedor en los siguientes supuestos:<\/p>\n\n\n\n<ul class=\"wp-block-list\">\n<li>Cuando un colectivo de comensales no asista al comedor por su participaci\u00f3n en actividades complementarias programadas y aprobadas con antelaci\u00f3n y que no requieran servicio de picnic, siempre que previamente se avise a la empresa adjudicataria.<\/li>\n\n\n\n<li>Cuando la ausencia del comensal al comedor sea igual o superior a 1 semana consecutiva, siempre que se avise con una anticipaci\u00f3n m\u00ednima de 48 horas.<\/li>\n<\/ul>\n\n\n\n<p>El importe a devolver en estos dos supuestos ser\u00e1 de un 50% de la cuota a abonar por el alumno\/a en cada caso, desde el primer d\u00eda de ausencia.<\/p>\n\n\n\n<h3 class=\"wp-block-heading\">Comensal eventual<\/h3>\n\n\n\n<p>No abonar\u00e1 el men\u00fa siempre que se comunique la no asistencia al comedor con una anticipaci\u00f3n de 48 horas.<\/p>\n\n<\/div><\/details><\/div><\/div><\/div>\n<\/div><\/div>\n<\/div><\/div>\n\n\n\n<p><\/p>\n\n\n\n<div class=\"wp-block-columns is-layout-flex wp-container-core-columns-is-layout-9d6595d7 wp-block-columns-is-layout-flex\">\n<div class=\"wp-block-column is-vertically-aligned-top is-layout-flow wp-block-column-is-layout-flow\">\n<div class=\"wp-block-group\"><div class=\"wp-block-group__inner-container is-layout-constrained wp-block-group-is-layout-constrained\">\n<div class=\"wp-block-group\"><div class=\"wp-block-group__inner-container is-layout-constrained wp-block-group-is-layout-constrained\">\n<div class=\"wp-block-buttons has-custom-font-size d-block has-medium-font-size is-horizontal is-content-justification-center is-layout-flex wp-container-core-buttons-is-layout-937ffba9 wp-block-buttons-is-layout-flex\">\n<div class=\"wp-block-button is-style-fill\"><a class=\"wp-block-button__link wp-element-button\" href=\"https:\/\/docs.google.com\/document\/d\/1tY_TzoPum0qqp2pSTSgTJInamVIzw0KlNVt7MJpBaRg\/edit?usp=sharing\" target=\"_blank\" rel=\"noreferrer noopener\"><i class=\"fa-solid fa-download\"><\/i>  Inscripci\u00f3n<\/a><\/div>\n\n\n\n<div class=\"wp-block-button is-style-fill ms-3\"><a class=\"wp-block-button__link wp-element-button\" href=\"https:\/\/drive.google.com\/file\/d\/102y-GQ-UKhWARb8hz6CH4fp9yrh2Te-U\/view?usp=drive_link\" target=\"_blank\" rel=\"noreferrer noopener\"><i class=\"fa-solid fa-download\"><\/i> Alta de terceros<\/a><\/div>\n<\/div>\n<\/div><\/div>\n<\/div><\/div>\n<\/div>\n<\/div>\n\n\n\n<p>\u00daltimo d\u00eda para inscribirse <strong>16 septiembre <\/strong>Entregar documentaci\u00f3n a <strong>Armando o a los tutores\/as<\/strong><\/p>\n","protected":false},"excerpt":{"rendered":"<p>RESPONSABLE: ARMANDO GISASOLA CONTACTO: jantoki@beurkobhi.com &#8211; 944 288 041 Descargar Men\u00fas \u00daltimo d\u00eda para inscribirse 16 septiembre Entregar documentaci\u00f3n a Armando o a los tutores\/as<\/p>\n","protected":false},"author":1,"featured_media":0,"parent":0,"menu_order":0,"comment_status":"closed","ping_status":"closed","template":"","meta":{"_acf_changed":false,"footnotes":""},"class_list":["post-181","page","type-page","status-publish","hentry"],"acf":[],"_links":{"self":[{"href":"https:\/\/www.beurkobhi.com\/es\/wp-json\/wp\/v2\/pages\/181","targetHints":{"allow":["GET"]}}],"collection":[{"href":"https:\/\/www.beurkobhi.com\/es\/wp-json\/wp\/v2\/pages"}],"about":[{"href":"https:\/\/www.beurkobhi.com\/es\/wp-json\/wp\/v2\/types\/page"}],"author":[{"embeddable":true,"href":"https:\/\/www.beurkobhi.com\/es\/wp-json\/wp\/v2\/users\/1"}],"replies":[{"embeddable":true,"href":"https:\/\/www.beurkobhi.com\/es\/wp-json\/wp\/v2\/comments?post=181"}],"version-history":[{"count":46,"href":"https:\/\/www.beurkobhi.com\/es\/wp-json\/wp\/v2\/pages\/181\/revisions"}],"predecessor-version":[{"id":943,"href":"https:\/\/www.beurkobhi.com\/es\/wp-json\/wp\/v2\/pages\/181\/revisions\/943"}],"wp:attachment":[{"href":"https:\/\/www.beurkobhi.com\/es\/wp-json\/wp\/v2\/media?parent=181"}],"curies":[{"name":"wp","href":"https:\/\/api.w.org\/{rel}","templated":true}]}}