{"id":1166,"date":"2024-11-25T08:40:37","date_gmt":"2024-11-25T07:40:37","guid":{"rendered":"https:\/\/www.beurkobhi.com\/programaciones-didacticas\/"},"modified":"2025-12-12T18:38:15","modified_gmt":"2025-12-12T17:38:15","slug":"programaciones-didacticas","status":"publish","type":"page","link":"https:\/\/www.beurkobhi.com\/es\/programaciones-didacticas\/","title":{"rendered":"Programaciones did\u00e1cticas"},"content":{"rendered":"\n<p>La programaci\u00f3n did\u00e1ctica es la planificaci\u00f3n sistematizada del proceso de ense\u00f1anza-aprendizaje para un \u00e1rea, materia o \u00e1mbito de un determinado nivel educativo.<\/p>\n\n\n\n<p>En las siguientes carpetas encontrar\u00e9is las programaciones del curso 2025-2026, organizadas por niveles y materias.<\/p>\n\n\n\n<p>Estas programaciones son una herramienta de trabajo y una gu\u00eda, no podemos olvidar que son documentos vivos que se pueden evaluar y adaptar a lo largo del curso para responder a las necesidades del proceso de ense\u00f1anza-aprendizaje.\n<\/p>\n\n\n\n<p>Para poder acceder a los documentos es necesario estar identificado en una cuenta del dominio beurkobhi.com, por esa raz\u00f3n necesitar\u00e9is la cuenta del alumnado.\n<\/p>\n\n\n\n<div style=\"height:39px\" aria-hidden=\"true\" class=\"wp-block-spacer\"><\/div>\n\n\n\n<p class=\"has-medium-font-size\"><strong>Programaciones por niveles<\/strong><br> <br><a href=\"https:\/\/drive.google.com\/drive\/folders\/1WbQVJavD77fzPm7zKOt38xMhWDSooVRP?usp=drive_link\" target=\"_blank\">1\u00ba ESO<\/a><br><a href=\"https:\/\/drive.google.com\/drive\/folders\/1n3OnIVpT2NVB1G6HDPFoZvoky97DArOR?usp=drive_link\" target=\"_blank\">2\u00ba ESO<\/a><br><a href=\"https:\/\/drive.google.com\/drive\/folders\/1j3-TBYHfreukWHNWRd-9kqr46UMCfqXF?usp=drive_link\" target=\"_blank\">3\u00ba ESO<\/a><br><a href=\"https:\/\/drive.google.com\/drive\/folders\/1HlwXDRQ7d-8e-leG_9rrWO0CGa9CudCd?usp=drive_link\" target=\"_blank\">4\u00ba ESO<\/a><br><br><a href=\"https:\/\/drive.google.com\/drive\/folders\/13DekFMVFTjIV4OofZvY1rEsfCroNU1BX?usp=drive_link\" target=\"_blank\">1\u00ba BACHILLERATO<\/a><br><a href=\"https:\/\/drive.google.com\/drive\/folders\/1oRDW2487-5c9VEAS-fReyXtXMcKiLNNw?usp=drive_link\" target=\"_blank\">2\u00ba BACHILLERATO<\/a><\/p>\n\n\n\n<p><\/p>\n","protected":false},"excerpt":{"rendered":"<p>La programaci\u00f3n did\u00e1ctica es la planificaci\u00f3n sistematizada del proceso de ense\u00f1anza-aprendizaje para un \u00e1rea, materia o \u00e1mbito de un determinado nivel educativo. En las siguientes carpetas encontrar\u00e9is las programaciones del curso 2025-2026, organizadas por niveles y materias. Estas programaciones son una herramienta de trabajo y una gu\u00eda, no podemos olvidar que son documentos vivos que [&hellip;]<\/p>\n","protected":false},"author":2,"featured_media":0,"parent":0,"menu_order":0,"comment_status":"closed","ping_status":"closed","template":"","meta":{"_acf_changed":false,"footnotes":""},"class_list":["post-1166","page","type-page","status-publish","hentry"],"acf":[],"_links":{"self":[{"href":"https:\/\/www.beurkobhi.com\/es\/wp-json\/wp\/v2\/pages\/1166","targetHints":{"allow":["GET"]}}],"collection":[{"href":"https:\/\/www.beurkobhi.com\/es\/wp-json\/wp\/v2\/pages"}],"about":[{"href":"https:\/\/www.beurkobhi.com\/es\/wp-json\/wp\/v2\/types\/page"}],"author":[{"embeddable":true,"href":"https:\/\/www.beurkobhi.com\/es\/wp-json\/wp\/v2\/users\/2"}],"replies":[{"embeddable":true,"href":"https:\/\/www.beurkobhi.com\/es\/wp-json\/wp\/v2\/comments?post=1166"}],"version-history":[{"count":5,"href":"https:\/\/www.beurkobhi.com\/es\/wp-json\/wp\/v2\/pages\/1166\/revisions"}],"predecessor-version":[{"id":1929,"href":"https:\/\/www.beurkobhi.com\/es\/wp-json\/wp\/v2\/pages\/1166\/revisions\/1929"}],"wp:attachment":[{"href":"https:\/\/www.beurkobhi.com\/es\/wp-json\/wp\/v2\/media?parent=1166"}],"curies":[{"name":"wp","href":"https:\/\/api.w.org\/{rel}","templated":true}]}}